{"id":199,"date":"2025-03-05T21:22:00","date_gmt":"2025-03-06T00:22:00","guid":{"rendered":"https:\/\/bienal.webinhood.com.br\/?page_id=199"},"modified":"2025-10-03T15:58:12","modified_gmt":"2025-10-03T18:58:12","slug":"contato","status":"publish","type":"page","link":"https:\/\/bienaldearquitetura.org.br\/en\/contato\/","title":{"rendered":"Contact \/ Press"},"content":{"rendered":"\t\t<div data-elementor-type=\"wp-page\" data-elementor-id=\"199\" class=\"elementor elementor-199\" data-elementor-post-type=\"page\">\n\t\t\t\t<div class=\"elementor-element elementor-element-d5ba47c e-con-full e-flex e-con e-parent\" data-id=\"d5ba47c\" data-element_type=\"container\" data-e-type=\"container\" data-settings=\"{&quot;background_background&quot;:&quot;classic&quot;}\">\n\t\t<div class=\"elementor-element elementor-element-e550f7d e-con-full e-flex e-con e-child\" data-id=\"e550f7d\" data-element_type=\"container\" data-e-type=\"container\" data-settings=\"{&quot;background_background&quot;:&quot;classic&quot;,&quot;background_motion_fx_range&quot;:&quot;page&quot;,&quot;background_motion_fx_devices&quot;:[&quot;desktop&quot;,&quot;laptop&quot;,&quot;tablet&quot;],&quot;background_motion_fx_motion_fx_scrolling&quot;:&quot;yes&quot;}\">\n\t\t\t\t<\/div>\n\t\t<div class=\"elementor-element elementor-element-c61a77e e-con-full e-flex e-con e-child\" data-id=\"c61a77e\" data-element_type=\"container\" data-e-type=\"container\" data-settings=\"{&quot;background_background&quot;:&quot;classic&quot;}\">\n\t\t<div class=\"elementor-element elementor-element-7baaacb e-con-full elementor-hidden-tablet elementor-hidden-mobile e-flex e-con e-child\" data-id=\"7baaacb\" data-element_type=\"container\" data-e-type=\"container\">\n\t\t\t\t<\/div>\n\t\t<div class=\"elementor-element elementor-element-da84764 e-con-full e-flex e-con e-child\" data-id=\"da84764\" data-element_type=\"container\" data-e-type=\"container\">\n\t\t\t\t<div class=\"elementor-element elementor-element-00f199a elementor-widget__width-initial elementor-widget elementor-widget-text-editor\" data-id=\"00f199a\" data-element_type=\"widget\" data-e-type=\"widget\" data-widget_type=\"text-editor.default\">\n\t\t\t\t<div class=\"elementor-widget-container\">\n\t\t\t\t\t\t\t\t\t<p>Voc\u00ea tem d\u00favidas ou sugest\u00f5es sobre a 14\u00aa Bienal Internacional de Arquitetura? Entre em contato atrav\u00e9s dos canais abaixo:<\/p>\t\t\t\t\t\t\t\t<\/div>\n\t\t\t\t<\/div>\n\t\t\t\t<div class=\"elementor-element elementor-element-9f9fbfd elementor-widget__width-initial elementor-vertical-align-top elementor-widget elementor-widget-image-box\" data-id=\"9f9fbfd\" data-element_type=\"widget\" data-e-type=\"widget\" data-widget_type=\"image-box.default\">\n\t\t\t\t<div class=\"elementor-widget-container\">\n\t\t\t\t\t<div class=\"elementor-image-box-wrapper\"><div class=\"elementor-image-box-content\"><h4 class=\"elementor-image-box-title\">Produ\u00e7\u00e3o<\/h4><p class=\"elementor-image-box-description\">faleconosco@bienaldearquitetura.org.br<\/p><\/div><\/div>\t\t\t\t<\/div>\n\t\t\t\t<\/div>\n\t\t\t\t<div class=\"elementor-element elementor-element-dbb58db elementor-widget__width-initial elementor-vertical-align-top elementor-widget elementor-widget-image-box\" data-id=\"dbb58db\" data-element_type=\"widget\" data-e-type=\"widget\" data-widget_type=\"image-box.default\">\n\t\t\t\t<div class=\"elementor-widget-container\">\n\t\t\t\t\t<div class=\"elementor-image-box-wrapper\"><div class=\"elementor-image-box-content\"><h4 class=\"elementor-image-box-title\">Agendamento de visitas guidas<\/h4><p class=\"elementor-image-box-description\"><span style=\"font-size: 19.2px\">agendamentos14biarquitetura@gmail.com<\/span><\/p><\/div><\/div>\t\t\t\t<\/div>\n\t\t\t\t<\/div>\n\t\t\t\t<div class=\"elementor-element elementor-element-cf587df elementor-widget__width-initial elementor-vertical-align-top elementor-widget elementor-widget-image-box\" data-id=\"cf587df\" data-element_type=\"widget\" data-e-type=\"widget\" data-widget_type=\"image-box.default\">\n\t\t\t\t<div class=\"elementor-widget-container\">\n\t\t\t\t\t<div class=\"elementor-image-box-wrapper\"><div class=\"elementor-image-box-content\"><h4 class=\"elementor-image-box-title\">Imprensa<\/h4><p class=\"elementor-image-box-description\">assessoriadecomunicacao@iabsp.org.br<\/p><\/div><\/div>\t\t\t\t<\/div>\n\t\t\t\t<\/div>\n\t\t\t\t<div class=\"elementor-element elementor-element-4ecd61a elementor-widget__width-initial elementor-vertical-align-top elementor-widget elementor-widget-image-box\" data-id=\"4ecd61a\" data-element_type=\"widget\" data-e-type=\"widget\" data-widget_type=\"image-box.default\">\n\t\t\t\t<div class=\"elementor-widget-container\">\n\t\t\t\t\t<div class=\"elementor-image-box-wrapper\"><div class=\"elementor-image-box-content\"><h4 class=\"elementor-image-box-title\">Contato<\/h4><p class=\"elementor-image-box-description\">iabsp@iabsp.org.br<br>\n+55 11 3214-1493<br>\nRua Bento Freitas, 306<br>\n4\u00ba andar \u2013 Vila Buarque<br>\nS\u00e3o Paulo\/SP 01220-000<\/p><\/div><\/div>\t\t\t\t<\/div>\n\t\t\t\t<\/div>\n\t\t\t\t<div class=\"elementor-element elementor-element-bf1e80d elementor-shape-circle e-grid-align-left elementor-grid-0 elementor-widget elementor-widget-social-icons\" data-id=\"bf1e80d\" data-element_type=\"widget\" data-e-type=\"widget\" data-widget_type=\"social-icons.default\">\n\t\t\t\t<div class=\"elementor-widget-container\">\n\t\t\t\t\t\t\t<div class=\"elementor-social-icons-wrapper elementor-grid\" role=\"list\">\n\t\t\t\t\t\t\t<span class=\"elementor-grid-item\" role=\"listitem\">\n\t\t\t\t\t<a class=\"elementor-icon elementor-social-icon elementor-social-icon-instagram elementor-repeater-item-0cf8425\" href=\"https:\/\/www.instagram.com\/iab.sp\/\" target=\"_blank\">\n\t\t\t\t\t\t<span class=\"elementor-screen-only\">Instagram<\/span>\n\t\t\t\t\t\t<svg aria-hidden=\"true\" class=\"e-font-icon-svg e-fab-instagram\" viewBox=\"0 0 448 512\" xmlns=\"http:\/\/www.w3.org\/2000\/svg\"><path d=\"M224.1 141c-63.6 0-114.9 51.3-114.9 114.9s51.3 114.9 114.9 114.9S339 319.5 339 255.9 287.7 141 224.1 141zm0 189.6c-41.1 0-74.7-33.5-74.7-74.7s33.5-74.7 74.7-74.7 74.7 33.5 74.7 74.7-33.6 74.7-74.7 74.7zm146.4-194.3c0 14.9-12 26.8-26.8 26.8-14.9 0-26.8-12-26.8-26.8s12-26.8 26.8-26.8 26.8 12 26.8 26.8zm76.1 27.2c-1.7-35.9-9.9-67.7-36.2-93.9-26.2-26.2-58-34.4-93.9-36.2-37-2.1-147.9-2.1-184.9 0-35.8 1.7-67.6 9.9-93.9 36.1s-34.4 58-36.2 93.9c-2.1 37-2.1 147.9 0 184.9 1.7 35.9 9.9 67.7 36.2 93.9s58 34.4 93.9 36.2c37 2.1 147.9 2.1 184.9 0 35.9-1.7 67.7-9.9 93.9-36.2 26.2-26.2 34.4-58 36.2-93.9 2.1-37 2.1-147.8 0-184.8zM398.8 388c-7.8 19.6-22.9 34.7-42.6 42.6-29.5 11.7-99.5 9-132.1 9s-102.7 2.6-132.1-9c-19.6-7.8-34.7-22.9-42.6-42.6-11.7-29.5-9-99.5-9-132.1s-2.6-102.7 9-132.1c7.8-19.6 22.9-34.7 42.6-42.6 29.5-11.7 99.5-9 132.1-9s102.7-2.6 132.1 9c19.6 7.8 34.7 22.9 42.6 42.6 11.7 29.5 9 99.5 9 132.1s2.7 102.7-9 132.1z\"><\/path><\/svg>\t\t\t\t\t<\/a>\n\t\t\t\t<\/span>\n\t\t\t\t\t\t\t<span class=\"elementor-grid-item\" role=\"listitem\">\n\t\t\t\t\t<a class=\"elementor-icon elementor-social-icon elementor-social-icon-facebook elementor-repeater-item-4514dbf\" href=\"https:\/\/www.facebook.com\/IABSP\" target=\"_blank\">\n\t\t\t\t\t\t<span class=\"elementor-screen-only\">Facebook<\/span>\n\t\t\t\t\t\t<svg aria-hidden=\"true\" class=\"e-font-icon-svg e-fab-facebook\" viewBox=\"0 0 512 512\" xmlns=\"http:\/\/www.w3.org\/2000\/svg\"><path d=\"M504 256C504 119 393 8 256 8S8 119 8 256c0 123.78 90.69 226.38 209.25 245V327.69h-63V256h63v-54.64c0-62.15 37-96.48 93.67-96.48 27.14 0 55.52 4.84 55.52 4.84v61h-31.28c-30.8 0-40.41 19.12-40.41 38.73V256h68.78l-11 71.69h-57.78V501C413.31 482.38 504 379.78 504 256z\"><\/path><\/svg>\t\t\t\t\t<\/a>\n\t\t\t\t<\/span>\n\t\t\t\t\t\t\t<span class=\"elementor-grid-item\" role=\"listitem\">\n\t\t\t\t\t<a class=\"elementor-icon elementor-social-icon elementor-social-icon-youtube elementor-repeater-item-0cd3227\" href=\"https:\/\/www.youtube.com\/iabsp\" target=\"_blank\">\n\t\t\t\t\t\t<span class=\"elementor-screen-only\">Youtube<\/span>\n\t\t\t\t\t\t<svg aria-hidden=\"true\" class=\"e-font-icon-svg e-fab-youtube\" viewBox=\"0 0 576 512\" xmlns=\"http:\/\/www.w3.org\/2000\/svg\"><path d=\"M549.655 124.083c-6.281-23.65-24.787-42.276-48.284-48.597C458.781 64 288 64 288 64S117.22 64 74.629 75.486c-23.497 6.322-42.003 24.947-48.284 48.597-11.412 42.867-11.412 132.305-11.412 132.305s0 89.438 11.412 132.305c6.281 23.65 24.787 41.5 48.284 47.821C117.22 448 288 448 288 448s170.78 0 213.371-11.486c23.497-6.321 42.003-24.171 48.284-47.821 11.412-42.867 11.412-132.305 11.412-132.305s0-89.438-11.412-132.305zm-317.51 213.508V175.185l142.739 81.205-142.739 81.201z\"><\/path><\/svg>\t\t\t\t\t<\/a>\n\t\t\t\t<\/span>\n\t\t\t\t\t\t\t<span class=\"elementor-grid-item\" role=\"listitem\">\n\t\t\t\t\t<a class=\"elementor-icon elementor-social-icon elementor-social-icon-linkedin elementor-repeater-item-0073ac0\" href=\"https:\/\/br.linkedin.com\/company\/iabsp\" target=\"_blank\">\n\t\t\t\t\t\t<span class=\"elementor-screen-only\">Linkedin<\/span>\n\t\t\t\t\t\t<svg aria-hidden=\"true\" class=\"e-font-icon-svg e-fab-linkedin\" viewBox=\"0 0 448 512\" xmlns=\"http:\/\/www.w3.org\/2000\/svg\"><path d=\"M416 32H31.9C14.3 32 0 46.5 0 64.3v383.4C0 465.5 14.3 480 31.9 480H416c17.6 0 32-14.5 32-32.3V64.3c0-17.8-14.4-32.3-32-32.3zM135.4 416H69V202.2h66.5V416zm-33.2-243c-21.3 0-38.5-17.3-38.5-38.5S80.9 96 102.2 96c21.2 0 38.5 17.3 38.5 38.5 0 21.3-17.2 38.5-38.5 38.5zm282.1 243h-66.4V312c0-24.8-.5-56.7-34.5-56.7-34.6 0-39.9 27-39.9 54.9V416h-66.4V202.2h63.7v29.2h.9c8.9-16.8 30.6-34.5 62.9-34.5 67.2 0 79.7 44.3 79.7 101.9V416z\"><\/path><\/svg>\t\t\t\t\t<\/a>\n\t\t\t\t<\/span>\n\t\t\t\t\t<\/div>\n\t\t\t\t\t\t<\/div>\n\t\t\t\t<\/div>\n\t\t\t\t<\/div>\n\t\t\t\t<\/div>\n\t\t\t\t<\/div>\n\t\t\t\t<\/div>\n\t\t","protected":false},"excerpt":{"rendered":"<p>Do you have questions or suggestions about the 14th International Architecture Biennial? Contact us through the channels below: Production faleconosco@bienaldearquitetura.org.br Schedule guided tours agendamentos14biarquitetura@gmail.com Press assessoriadecomunicacao@iabsp.org.br Contact iabsp@iabsp.org.br +55 11 3214-1493 Rua Bento Freitas, 306 4th floor \u2013 Vila Buarque S\u00e3o Paulo\/SP 01220-000 Instagram Facebook Youtube Linkedin<\/p>","protected":false},"author":1,"featured_media":0,"parent":0,"menu_order":0,"comment_status":"closed","ping_status":"closed","template":"","meta":{"_acf_changed":false,"footnotes":""},"class_list":["post-199","page","type-page","status-publish","hentry"],"acf":[],"yoast_head":"<!-- This site is optimized with the Yoast SEO plugin v27.3 - https:\/\/yoast.com\/product\/yoast-seo-wordpress\/ -->\n<title>Contato \/ Imprensa - 14\u1d43 Bienal Internacional de Arquitetura de S\u00e3o Paulo<\/title>\n<meta name=\"description\" content=\"Voc\u00ea tem d\u00favidas ou sugest\u00f5es sobre a 14\u00aa Bienal Internacional de Arquitetura? Entre em contato com a Bienal ou com o IABsp.\" \/>\n<meta name=\"robots\" content=\"index, follow, max-snippet:-1, max-image-preview:large, max-video-preview:-1\" \/>\n<link rel=\"canonical\" href=\"https:\/\/bienaldearquitetura.org.br\/en\/contato\/\" \/>\n<meta property=\"og:locale\" content=\"en_US\" \/>\n<meta property=\"og:type\" content=\"article\" \/>\n<meta property=\"og:title\" content=\"Contato \/ Imprensa - 14\u1d43 Bienal Internacional de Arquitetura de S\u00e3o Paulo\" \/>\n<meta property=\"og:description\" content=\"Voc\u00ea tem d\u00favidas ou sugest\u00f5es sobre a 14\u00aa Bienal Internacional de Arquitetura? Entre em contato com a Bienal ou com o IABsp.\" \/>\n<meta property=\"og:url\" content=\"https:\/\/bienaldearquitetura.org.br\/en\/contato\/\" \/>\n<meta property=\"og:site_name\" content=\"14\u1d43 Bienal Internacional de Arquitetura de S\u00e3o Paulo\" \/>\n<meta property=\"article:modified_time\" content=\"2025-10-03T18:58:12+00:00\" \/>\n<meta name=\"twitter:card\" content=\"summary_large_image\" \/>\n<meta name=\"twitter:label1\" content=\"Est. reading time\" \/>\n\t<meta name=\"twitter:data1\" content=\"1 minute\" \/>\n<script type=\"application\/ld+json\" class=\"yoast-schema-graph\">{\"@context\":\"https:\\\/\\\/schema.org\",\"@graph\":[{\"@type\":\"WebPage\",\"@id\":\"https:\\\/\\\/bienaldearquitetura.org.br\\\/contato\\\/\",\"url\":\"https:\\\/\\\/bienaldearquitetura.org.br\\\/contato\\\/\",\"name\":\"Contato \\\/ Imprensa - 14\u1d43 Bienal Internacional de Arquitetura de S\u00e3o Paulo\",\"isPartOf\":{\"@id\":\"https:\\\/\\\/bienaldearquitetura.org.br\\\/#website\"},\"datePublished\":\"2025-03-06T00:22:00+00:00\",\"dateModified\":\"2025-10-03T18:58:12+00:00\",\"description\":\"Voc\u00ea tem d\u00favidas ou sugest\u00f5es sobre a 14\u00aa Bienal Internacional de Arquitetura? Entre em contato com a Bienal ou com o IABsp.\",\"breadcrumb\":{\"@id\":\"https:\\\/\\\/bienaldearquitetura.org.br\\\/contato\\\/#breadcrumb\"},\"inLanguage\":\"en-US\",\"potentialAction\":[{\"@type\":\"ReadAction\",\"target\":[\"https:\\\/\\\/bienaldearquitetura.org.br\\\/contato\\\/\"]}]},{\"@type\":\"BreadcrumbList\",\"@id\":\"https:\\\/\\\/bienaldearquitetura.org.br\\\/contato\\\/#breadcrumb\",\"itemListElement\":[{\"@type\":\"ListItem\",\"position\":1,\"name\":\"In\u00edcio\",\"item\":\"https:\\\/\\\/bienaldearquitetura.org.br\\\/\"},{\"@type\":\"ListItem\",\"position\":2,\"name\":\"Contato \\\/ Imprensa\"}]},{\"@type\":\"WebSite\",\"@id\":\"https:\\\/\\\/bienaldearquitetura.org.br\\\/#website\",\"url\":\"https:\\\/\\\/bienaldearquitetura.org.br\\\/\",\"name\":\"14\u1d43 Bienal Internacional de Arquitetura de S\u00e3o Paulo\",\"description\":\"Arquiteturas para um Mundo Quente\",\"potentialAction\":[{\"@type\":\"SearchAction\",\"target\":{\"@type\":\"EntryPoint\",\"urlTemplate\":\"https:\\\/\\\/bienaldearquitetura.org.br\\\/?s={search_term_string}\"},\"query-input\":{\"@type\":\"PropertyValueSpecification\",\"valueRequired\":true,\"valueName\":\"search_term_string\"}}],\"inLanguage\":\"en-US\"}]}<\/script>\n<!-- \/ Yoast SEO plugin. -->","yoast_head_json":{"title":"Contact \/ Press - 14th S\u00e3o Paulo International Architecture Biennial","description":"Do you have questions or suggestions about the 14th International Architecture Biennial? Contact the Biennial or IABsp.","robots":{"index":"index","follow":"follow","max-snippet":"max-snippet:-1","max-image-preview":"max-image-preview:large","max-video-preview":"max-video-preview:-1"},"canonical":"https:\/\/bienaldearquitetura.org.br\/en\/contato\/","og_locale":"en_US","og_type":"article","og_title":"Contato \/ Imprensa - 14\u1d43 Bienal Internacional de Arquitetura de S\u00e3o Paulo","og_description":"Voc\u00ea tem d\u00favidas ou sugest\u00f5es sobre a 14\u00aa Bienal Internacional de Arquitetura? Entre em contato com a Bienal ou com o IABsp.","og_url":"https:\/\/bienaldearquitetura.org.br\/en\/contato\/","og_site_name":"14\u1d43 Bienal Internacional de Arquitetura de S\u00e3o Paulo","article_modified_time":"2025-10-03T18:58:12+00:00","twitter_card":"summary_large_image","twitter_misc":{"Est. reading time":"1 minute"},"schema":{"@context":"https:\/\/schema.org","@graph":[{"@type":"WebPage","@id":"https:\/\/bienaldearquitetura.org.br\/contato\/","url":"https:\/\/bienaldearquitetura.org.br\/contato\/","name":"Contact \/ Press - 14th S\u00e3o Paulo International Architecture Biennial","isPartOf":{"@id":"https:\/\/bienaldearquitetura.org.br\/#website"},"datePublished":"2025-03-06T00:22:00+00:00","dateModified":"2025-10-03T18:58:12+00:00","description":"Do you have questions or suggestions about the 14th International Architecture Biennial? Contact the Biennial or IABsp.","breadcrumb":{"@id":"https:\/\/bienaldearquitetura.org.br\/contato\/#breadcrumb"},"inLanguage":"en-US","potentialAction":[{"@type":"ReadAction","target":["https:\/\/bienaldearquitetura.org.br\/contato\/"]}]},{"@type":"BreadcrumbList","@id":"https:\/\/bienaldearquitetura.org.br\/contato\/#breadcrumb","itemListElement":[{"@type":"ListItem","position":1,"name":"In\u00edcio","item":"https:\/\/bienaldearquitetura.org.br\/"},{"@type":"ListItem","position":2,"name":"Contato \/ Imprensa"}]},{"@type":"WebSite","@id":"https:\/\/bienaldearquitetura.org.br\/#website","url":"https:\/\/bienaldearquitetura.org.br\/","name":"14th S\u00e3o Paulo International Architecture Biennale","description":"Architectures for a Hot World","potentialAction":[{"@type":"SearchAction","target":{"@type":"EntryPoint","urlTemplate":"https:\/\/bienaldearquitetura.org.br\/?s={search_term_string}"},"query-input":{"@type":"PropertyValueSpecification","valueRequired":true,"valueName":"search_term_string"}}],"inLanguage":"en-US"}]}},"_links":{"self":[{"href":"https:\/\/bienaldearquitetura.org.br\/en\/wp-json\/wp\/v2\/pages\/199","targetHints":{"allow":["GET"]}}],"collection":[{"href":"https:\/\/bienaldearquitetura.org.br\/en\/wp-json\/wp\/v2\/pages"}],"about":[{"href":"https:\/\/bienaldearquitetura.org.br\/en\/wp-json\/wp\/v2\/types\/page"}],"author":[{"embeddable":true,"href":"https:\/\/bienaldearquitetura.org.br\/en\/wp-json\/wp\/v2\/users\/1"}],"replies":[{"embeddable":true,"href":"https:\/\/bienaldearquitetura.org.br\/en\/wp-json\/wp\/v2\/comments?post=199"}],"version-history":[{"count":68,"href":"https:\/\/bienaldearquitetura.org.br\/en\/wp-json\/wp\/v2\/pages\/199\/revisions"}],"predecessor-version":[{"id":4210,"href":"https:\/\/bienaldearquitetura.org.br\/en\/wp-json\/wp\/v2\/pages\/199\/revisions\/4210"}],"wp:attachment":[{"href":"https:\/\/bienaldearquitetura.org.br\/en\/wp-json\/wp\/v2\/media?parent=199"}],"curies":[{"name":"wp","href":"https:\/\/api.w.org\/{rel}","templated":true}]}}