{"id":213,"date":"2025-03-05T21:54:59","date_gmt":"2025-03-06T00:54:59","guid":{"rendered":"https:\/\/bienal.webinhood.com.br\/?page_id=213"},"modified":"2025-03-20T13:34:17","modified_gmt":"2025-03-20T16:34:17","slug":"iabsp-biasp","status":"publish","type":"page","link":"https:\/\/bienaldearquitetura.org.br\/en\/iabsp-biasp\/","title":{"rendered":"IABsp \/ BIAsp"},"content":{"rendered":"\t\t<div data-elementor-type=\"wp-page\" data-elementor-id=\"213\" class=\"elementor elementor-213\" data-elementor-post-type=\"page\">\n\t\t\t\t<div class=\"elementor-element elementor-element-fbce8d5 e-con-full e-flex e-con e-parent\" data-id=\"fbce8d5\" data-element_type=\"container\" data-e-type=\"container\" data-settings=\"{&quot;background_background&quot;:&quot;classic&quot;}\">\n\t\t<div class=\"elementor-element elementor-element-d13f30f e-con-full e-flex e-con e-child\" data-id=\"d13f30f\" data-element_type=\"container\" data-e-type=\"container\" data-settings=\"{&quot;background_background&quot;:&quot;classic&quot;}\">\n\t\t\t\t<\/div>\n\t\t<div class=\"elementor-element elementor-element-93e1a77 e-con-full e-flex e-con e-child\" data-id=\"93e1a77\" data-element_type=\"container\" data-e-type=\"container\" data-settings=\"{&quot;background_background&quot;:&quot;classic&quot;}\">\n\t\t<div class=\"elementor-element elementor-element-e97b6b5 e-con-full elementor-hidden-mobile elementor-hidden-tablet e-flex e-con e-child\" data-id=\"e97b6b5\" data-element_type=\"container\" data-e-type=\"container\" data-settings=\"{&quot;sticky&quot;:&quot;top&quot;,&quot;sticky_on&quot;:[&quot;desktop&quot;,&quot;laptop&quot;],&quot;sticky_offset&quot;:170,&quot;sticky_anchor_link_offset&quot;:170,&quot;sticky_effects_offset&quot;:0}\">\n\t\t\t\t<div class=\"elementor-element elementor-element-e96503f elementor-widget elementor-widget-button\" data-id=\"e96503f\" data-element_type=\"widget\" data-e-type=\"widget\" data-widget_type=\"button.default\">\n\t\t\t\t<div class=\"elementor-widget-container\">\n\t\t\t\t\t\t\t\t\t<div class=\"elementor-button-wrapper\">\n\t\t\t\t\t<a class=\"elementor-button elementor-button-link elementor-size-sm\" href=\"#sobre-iabsp\">\n\t\t\t\t\t\t<span class=\"elementor-button-content-wrapper\">\n\t\t\t\t\t\t\t\t\t<span class=\"elementor-button-text\">Sobre o IABsp<\/span>\n\t\t\t\t\t<\/span>\n\t\t\t\t\t<\/a>\n\t\t\t\t<\/div>\n\t\t\t\t\t\t\t\t<\/div>\n\t\t\t\t<\/div>\n\t\t\t\t<div class=\"elementor-element elementor-element-d8f2ac4 elementor-widget elementor-widget-button\" data-id=\"d8f2ac4\" data-element_type=\"widget\" data-e-type=\"widget\" data-widget_type=\"button.default\">\n\t\t\t\t<div class=\"elementor-widget-container\">\n\t\t\t\t\t\t\t\t\t<div class=\"elementor-button-wrapper\">\n\t\t\t\t\t<a class=\"elementor-button elementor-button-link elementor-size-sm\" href=\"#sobre-bienal\">\n\t\t\t\t\t\t<span class=\"elementor-button-content-wrapper\">\n\t\t\t\t\t\t\t\t\t<span class=\"elementor-button-text\">Sobre a Bienal<\/span>\n\t\t\t\t\t<\/span>\n\t\t\t\t\t<\/a>\n\t\t\t\t<\/div>\n\t\t\t\t\t\t\t\t<\/div>\n\t\t\t\t<\/div>\n\t\t\t\t<div class=\"elementor-element elementor-element-3997bee elementor-widget elementor-widget-button\" data-id=\"3997bee\" data-element_type=\"widget\" data-e-type=\"widget\" data-widget_type=\"button.default\">\n\t\t\t\t<div class=\"elementor-widget-container\">\n\t\t\t\t\t\t\t\t\t<div class=\"elementor-button-wrapper\">\n\t\t\t\t\t<a class=\"elementor-button elementor-button-link elementor-size-sm\" href=\"#sobre-iab\">\n\t\t\t\t\t\t<span class=\"elementor-button-content-wrapper\">\n\t\t\t\t\t\t\t\t\t<span class=\"elementor-button-text\">Sobre o IAB<\/span>\n\t\t\t\t\t<\/span>\n\t\t\t\t\t<\/a>\n\t\t\t\t<\/div>\n\t\t\t\t\t\t\t\t<\/div>\n\t\t\t\t<\/div>\n\t\t\t\t<\/div>\n\t\t<div class=\"elementor-element elementor-element-4261bd0 e-con-full e-flex e-con e-child\" data-id=\"4261bd0\" data-element_type=\"container\" data-e-type=\"container\">\n\t\t\t\t<div class=\"elementor-element elementor-element-6be14a0 elementor-absolute elementor-widget elementor-widget-heading\" data-id=\"6be14a0\" data-element_type=\"widget\" data-e-type=\"widget\" id=\"sobre-iab\" data-settings=\"{&quot;_position&quot;:&quot;absolute&quot;}\" data-widget_type=\"heading.default\">\n\t\t\t\t<div class=\"elementor-widget-container\">\n\t\t\t\t\t<h3 class=\"elementor-heading-title elementor-size-default\">Sobre o IABsp<\/h3>\t\t\t\t<\/div>\n\t\t\t\t<\/div>\n\t\t\t\t<div class=\"elementor-element elementor-element-e82d555 elementor-widget elementor-widget-heading\" data-id=\"e82d555\" data-element_type=\"widget\" data-e-type=\"widget\" id=\"sobre-iabsp\" data-widget_type=\"heading.default\">\n\t\t\t\t<div class=\"elementor-widget-container\">\n\t\t\t\t\t<h3 class=\"elementor-heading-title elementor-size-default\">Sobre o IABsp<\/h3>\t\t\t\t<\/div>\n\t\t\t\t<\/div>\n\t\t\t\t<div class=\"elementor-element elementor-element-f44f09b elementor-widget__width-initial elementor-widget elementor-widget-text-editor\" data-id=\"f44f09b\" data-element_type=\"widget\" data-e-type=\"widget\" data-widget_type=\"text-editor.default\">\n\t\t\t\t<div class=\"elementor-widget-container\">\n\t\t\t\t\t\t\t\t\t<p>O IABsp \u00e9 o Departamento de S\u00e3o Paulo do Instituto de Arquitetos do Brasil.<\/p><p>Institui\u00e7\u00e3o de arquitetos dedicada \u00e0 valoriza\u00e7\u00e3o da cultura arquitet\u00f4nica, o IABsp, nos seus mais de 80 anos de atua\u00e7\u00e3o, se consolidou como uma voz de peso no debate p\u00fablico, trabalhando para qualificar discuss\u00f5es sobre arquitetura e urbanismo. Sua atua\u00e7\u00e3o inclui a representa\u00e7\u00e3o em conselhos governamentais de pol\u00edtica urbana e a realiza\u00e7\u00e3o de exposi\u00e7\u00f5es, debates e eventos culturais.<\/p><p>A gest\u00e3o 2023-2025 prop\u00f5e reafirmar a especificidade do campo da arquitetura e do urbanismo frente sua necess\u00e1ria amplia\u00e7\u00e3o e reelabora\u00e7\u00e3o cr\u00edtica. Busca responder aos desafios contempor\u00e2neos com um compromisso renovado com a inclus\u00e3o, a sustentabilidade, a descoloniza\u00e7\u00e3o das pr\u00e1ticas profissionais e o fortalecimento do di\u00e1logo democr\u00e1tico.<\/p>\t\t\t\t\t\t\t\t<\/div>\n\t\t\t\t<\/div>\n\t\t\t\t<div class=\"elementor-element elementor-element-af079fc elementor-widget elementor-widget-button\" data-id=\"af079fc\" data-element_type=\"widget\" data-e-type=\"widget\" data-widget_type=\"button.default\">\n\t\t\t\t<div class=\"elementor-widget-container\">\n\t\t\t\t\t\t\t\t\t<div class=\"elementor-button-wrapper\">\n\t\t\t\t\t<a class=\"elementor-button elementor-button-link elementor-size-sm\" href=\"http:\/\/iabsp.org.br\" target=\"_blank\">\n\t\t\t\t\t\t<span class=\"elementor-button-content-wrapper\">\n\t\t\t\t\t\t\t\t\t<span class=\"elementor-button-text\">Saiba mais <u>aqui.<\/u><\/span>\n\t\t\t\t\t<\/span>\n\t\t\t\t\t<\/a>\n\t\t\t\t<\/div>\n\t\t\t\t\t\t\t\t<\/div>\n\t\t\t\t<\/div>\n\t\t\t\t<div class=\"elementor-element elementor-element-e6b748c elementor-widget-divider--view-line elementor-widget elementor-widget-divider\" data-id=\"e6b748c\" data-element_type=\"widget\" data-e-type=\"widget\" data-widget_type=\"divider.default\">\n\t\t\t\t<div class=\"elementor-widget-container\">\n\t\t\t\t\t\t\t<div class=\"elementor-divider\">\n\t\t\t<span class=\"elementor-divider-separator\">\n\t\t\t\t\t\t<\/span>\n\t\t<\/div>\n\t\t\t\t\t\t<\/div>\n\t\t\t\t<\/div>\n\t\t\t\t<div class=\"elementor-element elementor-element-1a7786b elementor-widget elementor-widget-heading\" data-id=\"1a7786b\" data-element_type=\"widget\" data-e-type=\"widget\" id=\"sobre-bienal\" data-widget_type=\"heading.default\">\n\t\t\t\t<div class=\"elementor-widget-container\">\n\t\t\t\t\t<h3 class=\"elementor-heading-title elementor-size-default\">Sobre a Bienal<\/h3>\t\t\t\t<\/div>\n\t\t\t\t<\/div>\n\t\t\t\t<div class=\"elementor-element elementor-element-2b0f12a elementor-widget__width-initial elementor-widget elementor-widget-text-editor\" data-id=\"2b0f12a\" data-element_type=\"widget\" data-e-type=\"widget\" data-widget_type=\"text-editor.default\">\n\t\t\t\t<div class=\"elementor-widget-container\">\n\t\t\t\t\t\t\t\t\t<p>A Bienal Internacional de Arquitetura de S\u00e3o Paulo (BIAsp) \u00e9 um dos principais eventos de arquitetura e urbanismo do Brasil e um dos mais relevantes no cen\u00e1rio internacional. Organizada pelo <span style=\"text-decoration: underline;\"><a href=\"https:\/\/iabsp.org.br\/\">Departamento de S\u00e3o Paulo (IABsp)<\/a><\/span> do <span style=\"text-decoration: underline;\"><a href=\"https:\/\/iab.org.br\/\">Instituto de Arquitetos do Brasil (IAB)<\/a><\/span>, a Bienal tem sido, desde sua primeira edi\u00e7\u00e3o em 1973, um espa\u00e7o fundamental para a reflex\u00e3o, experimenta\u00e7\u00e3o e debate sobre os desafios contempor\u00e2neos da arquitetura, do urbanismo e da vida nas cidades.<\/p><p>A BIAsp promove exposi\u00e7\u00f5es, palestras, workshops, interven\u00e7\u00f5es urbanas e atividades culturais que exploram temas como sustentabilidade, inclus\u00e3o social, patrim\u00f4nio cultural, direito \u00e0 cidade e novas pr\u00e1ticas arquitet\u00f4nicas. O evento busca envolver n\u00e3o apenas arquitetos e urbanistas, mas tamb\u00e9m estudantes, pesquisadores e a sociedade em geral, estimulando o interc\u00e2mbio de ideias e experi\u00eancias sobre o impacto da arquitetura no cotidiano das pessoas.<\/p><p>A cada edi\u00e7\u00e3o, a Bienal se reinventa, trazendo abordagens e curadorias que dialogam com as quest\u00f5es mais prementes da atualidade. Dessa forma, reafirma o papel da arquitetura como campo essencial de constru\u00e7\u00e3o de cidades mais justas, democr\u00e1ticas e sustent\u00e1veis, promovendo um olhar cr\u00edtico e propositivo sobre o futuro dos espa\u00e7os urbanos.<\/p>\t\t\t\t\t\t\t\t<\/div>\n\t\t\t\t<\/div>\n\t\t\t\t<div class=\"elementor-element elementor-element-ff5c937 elementor-widget elementor-widget-button\" data-id=\"ff5c937\" data-element_type=\"widget\" data-e-type=\"widget\" data-widget_type=\"button.default\">\n\t\t\t\t<div class=\"elementor-widget-container\">\n\t\t\t\t\t\t\t\t\t<div class=\"elementor-button-wrapper\">\n\t\t\t\t\t<a class=\"elementor-button elementor-button-link elementor-size-sm\" href=\"https:\/\/iabsp.org.br\/bienal\/\" target=\"_blank\">\n\t\t\t\t\t\t<span class=\"elementor-button-content-wrapper\">\n\t\t\t\t\t\t\t\t\t<span class=\"elementor-button-text\">Conhe\u00e7a as edi\u00e7\u00f5es anteriores <u>aqui.<\/u><\/span>\n\t\t\t\t\t<\/span>\n\t\t\t\t\t<\/a>\n\t\t\t\t<\/div>\n\t\t\t\t\t\t\t\t<\/div>\n\t\t\t\t<\/div>\n\t\t\t\t<div class=\"elementor-element elementor-element-8a64ccd elementor-widget-divider--view-line elementor-widget elementor-widget-divider\" data-id=\"8a64ccd\" data-element_type=\"widget\" data-e-type=\"widget\" data-widget_type=\"divider.default\">\n\t\t\t\t<div class=\"elementor-widget-container\">\n\t\t\t\t\t\t\t<div class=\"elementor-divider\">\n\t\t\t<span class=\"elementor-divider-separator\">\n\t\t\t\t\t\t<\/span>\n\t\t<\/div>\n\t\t\t\t\t\t<\/div>\n\t\t\t\t<\/div>\n\t\t\t\t<div class=\"elementor-element elementor-element-5f2b094 elementor-widget elementor-widget-heading\" data-id=\"5f2b094\" data-element_type=\"widget\" data-e-type=\"widget\" id=\"sobre-iab\" data-widget_type=\"heading.default\">\n\t\t\t\t<div class=\"elementor-widget-container\">\n\t\t\t\t\t<h3 class=\"elementor-heading-title elementor-size-default\">Sobre o IAB<\/h3>\t\t\t\t<\/div>\n\t\t\t\t<\/div>\n\t\t\t\t<div class=\"elementor-element elementor-element-fc67d6c elementor-widget__width-initial elementor-widget elementor-widget-text-editor\" data-id=\"fc67d6c\" data-element_type=\"widget\" data-e-type=\"widget\" data-widget_type=\"text-editor.default\">\n\t\t\t\t<div class=\"elementor-widget-container\">\n\t\t\t\t\t\t\t\t\t<p>O Instituto de Arquitetos do Brasil, fundado em 1921, \u00e9 uma entidade sem fins lucrativos, de livre associa\u00e7\u00e3o e est\u00e1 presente em todas as regi\u00f5es do pa\u00eds por meio de seus departamentos estaduais. Debate e produz a\u00e7\u00f5es de refer\u00eancia sobre as pol\u00edticas de habita\u00e7\u00e3o, saneamento, ambiental, urban\u00edstica, ordenamento territorial e de preserva\u00e7\u00e3o do patrim\u00f4nio cultural. Atua na divulga\u00e7\u00e3o da arquitetura brasileira por meio de concursos, mostras e premia\u00e7\u00f5es, com destaque para a Bienal de Arquitetura de S\u00e3o Paulo e os congressos brasileiros de arquitetos.<\/p>\t\t\t\t\t\t\t\t<\/div>\n\t\t\t\t<\/div>\n\t\t\t\t<div class=\"elementor-element elementor-element-0590f16 elementor-widget elementor-widget-button\" data-id=\"0590f16\" data-element_type=\"widget\" data-e-type=\"widget\" data-widget_type=\"button.default\">\n\t\t\t\t<div class=\"elementor-widget-container\">\n\t\t\t\t\t\t\t\t\t<div class=\"elementor-button-wrapper\">\n\t\t\t\t\t<a class=\"elementor-button elementor-button-link elementor-size-sm\" href=\"https:\/\/iab.org.br\/\" target=\"_blank\">\n\t\t\t\t\t\t<span class=\"elementor-button-content-wrapper\">\n\t\t\t\t\t\t\t\t\t<span class=\"elementor-button-text\">Saiba mais <u>aqui.<\/u><\/span>\n\t\t\t\t\t<\/span>\n\t\t\t\t\t<\/a>\n\t\t\t\t<\/div>\n\t\t\t\t\t\t\t\t<\/div>\n\t\t\t\t<\/div>\n\t\t\t\t<\/div>\n\t\t\t\t<\/div>\n\t\t\t\t<\/div>\n\t\t<div class=\"elementor-element elementor-element-44b97ea e-con-full e-flex e-con e-parent\" data-id=\"44b97ea\" data-element_type=\"container\" data-e-type=\"container\">\n\t\t\t\t<div class=\"elementor-element elementor-element-d3a48c2 elementor-hidden-desktop elementor-hidden-laptop elementor-hidden-tablet elementor-widget elementor-widget-image\" data-id=\"d3a48c2\" data-element_type=\"widget\" data-e-type=\"widget\" data-widget_type=\"image.default\">\n\t\t\t\t<div class=\"elementor-widget-container\">\n\t\t\t\t\t\t\t\t\t\t\t\t\t\t\t<img fetchpriority=\"high\" decoding=\"async\" width=\"1036\" height=\"1531\" src=\"https:\/\/bienaldearquitetura.org.br\/wp-content\/uploads\/2025\/03\/77120-pb-bitmap.png\" class=\"attachment-full size-full wp-image-740\" alt=\"\" srcset=\"https:\/\/bienaldearquitetura.org.br\/wp-content\/uploads\/2025\/03\/77120-pb-bitmap.png 1036w, https:\/\/bienaldearquitetura.org.br\/wp-content\/uploads\/2025\/03\/77120-pb-bitmap-203x300.png 203w, https:\/\/bienaldearquitetura.org.br\/wp-content\/uploads\/2025\/03\/77120-pb-bitmap-693x1024.png 693w, https:\/\/bienaldearquitetura.org.br\/wp-content\/uploads\/2025\/03\/77120-pb-bitmap-768x1135.png 768w, https:\/\/bienaldearquitetura.org.br\/wp-content\/uploads\/2025\/03\/77120-pb-bitmap-8x12.png 8w\" sizes=\"(max-width: 1036px) 100vw, 1036px\" \/>\t\t\t\t\t\t\t\t\t\t\t\t\t\t\t<\/div>\n\t\t\t\t<\/div>\n\t\t\t\t<\/div>\n\t\t\t\t<\/div>\n\t\t","protected":false},"excerpt":{"rendered":"<p>Sobre o IABsp Sobre a Bienal Sobre o IAB Sobre o IABsp Sobre o IABsp O IABsp \u00e9 o Departamento de S\u00e3o Paulo do Instituto de Arquitetos do Brasil. Institui\u00e7\u00e3o de arquitetos dedicada \u00e0 valoriza\u00e7\u00e3o da cultura arquitet\u00f4nica, o IABsp, nos seus mais de 80 anos de atua\u00e7\u00e3o, se consolidou como uma voz de peso [&hellip;]<\/p>\n","protected":false},"author":1,"featured_media":0,"parent":0,"menu_order":0,"comment_status":"closed","ping_status":"closed","template":"","meta":{"_acf_changed":false,"footnotes":""},"class_list":["post-213","page","type-page","status-publish","hentry"],"acf":[],"yoast_head":"<!-- This site is optimized with the Yoast SEO plugin v27.4 - https:\/\/yoast.com\/product\/yoast-seo-wordpress\/ -->\n<title>IABsp \/ BIAsp - 14\u1d43 Bienal Internacional de Arquitetura de S\u00e3o Paulo<\/title>\n<meta name=\"description\" content=\"O IABsp \u00e9 uma institui\u00e7\u00e3o de arquitetos dedicada \u00e0 valoriza\u00e7\u00e3o da cultura arquitet\u00f4nica desde 1943, e \u00e9 o organizador da BIAsp.\" \/>\n<meta name=\"robots\" content=\"index, follow, max-snippet:-1, max-image-preview:large, max-video-preview:-1\" \/>\n<link rel=\"canonical\" href=\"https:\/\/bienaldearquitetura.org.br\/en\/iabsp-biasp\/\" \/>\n<meta property=\"og:locale\" content=\"en_US\" \/>\n<meta property=\"og:type\" content=\"article\" \/>\n<meta property=\"og:title\" content=\"IABsp \/ BIAsp - 14\u1d43 Bienal Internacional de Arquitetura de S\u00e3o Paulo\" \/>\n<meta property=\"og:description\" content=\"O IABsp \u00e9 uma institui\u00e7\u00e3o de arquitetos dedicada \u00e0 valoriza\u00e7\u00e3o da cultura arquitet\u00f4nica desde 1943, e \u00e9 o organizador da BIAsp.\" \/>\n<meta property=\"og:url\" content=\"https:\/\/bienaldearquitetura.org.br\/en\/iabsp-biasp\/\" \/>\n<meta property=\"og:site_name\" content=\"14\u1d43 Bienal Internacional de Arquitetura de S\u00e3o Paulo\" \/>\n<meta property=\"article:modified_time\" content=\"2025-03-20T16:34:17+00:00\" \/>\n<meta property=\"og:image\" content=\"https:\/\/bienaldearquitetura.org.br\/wp-content\/uploads\/2025\/03\/77120-pb-bitmap.png\" \/>\n\t<meta property=\"og:image:width\" content=\"1036\" \/>\n\t<meta property=\"og:image:height\" content=\"1531\" \/>\n\t<meta property=\"og:image:type\" content=\"image\/png\" \/>\n<meta name=\"twitter:card\" content=\"summary_large_image\" \/>\n<meta name=\"twitter:label1\" content=\"Est. reading time\" \/>\n\t<meta name=\"twitter:data1\" content=\"3 minutes\" \/>\n<script type=\"application\/ld+json\" class=\"yoast-schema-graph\">{\"@context\":\"https:\\\/\\\/schema.org\",\"@graph\":[{\"@type\":\"WebPage\",\"@id\":\"https:\\\/\\\/bienaldearquitetura.org.br\\\/iabsp-biasp\\\/\",\"url\":\"https:\\\/\\\/bienaldearquitetura.org.br\\\/iabsp-biasp\\\/\",\"name\":\"IABsp \\\/ BIAsp - 14\u1d43 Bienal Internacional de Arquitetura de S\u00e3o Paulo\",\"isPartOf\":{\"@id\":\"https:\\\/\\\/bienaldearquitetura.org.br\\\/#website\"},\"primaryImageOfPage\":{\"@id\":\"https:\\\/\\\/bienaldearquitetura.org.br\\\/iabsp-biasp\\\/#primaryimage\"},\"image\":{\"@id\":\"https:\\\/\\\/bienaldearquitetura.org.br\\\/iabsp-biasp\\\/#primaryimage\"},\"thumbnailUrl\":\"https:\\\/\\\/bienaldearquitetura.org.br\\\/wp-content\\\/uploads\\\/2025\\\/03\\\/77120-pb-bitmap.png\",\"datePublished\":\"2025-03-06T00:54:59+00:00\",\"dateModified\":\"2025-03-20T16:34:17+00:00\",\"description\":\"O IABsp \u00e9 uma institui\u00e7\u00e3o de arquitetos dedicada \u00e0 valoriza\u00e7\u00e3o da cultura arquitet\u00f4nica desde 1943, e \u00e9 o organizador da BIAsp.\",\"breadcrumb\":{\"@id\":\"https:\\\/\\\/bienaldearquitetura.org.br\\\/iabsp-biasp\\\/#breadcrumb\"},\"inLanguage\":\"en-US\",\"potentialAction\":[{\"@type\":\"ReadAction\",\"target\":[\"https:\\\/\\\/bienaldearquitetura.org.br\\\/iabsp-biasp\\\/\"]}]},{\"@type\":\"ImageObject\",\"inLanguage\":\"en-US\",\"@id\":\"https:\\\/\\\/bienaldearquitetura.org.br\\\/iabsp-biasp\\\/#primaryimage\",\"url\":\"https:\\\/\\\/bienaldearquitetura.org.br\\\/wp-content\\\/uploads\\\/2025\\\/03\\\/77120-pb-bitmap.png\",\"contentUrl\":\"https:\\\/\\\/bienaldearquitetura.org.br\\\/wp-content\\\/uploads\\\/2025\\\/03\\\/77120-pb-bitmap.png\"},{\"@type\":\"BreadcrumbList\",\"@id\":\"https:\\\/\\\/bienaldearquitetura.org.br\\\/iabsp-biasp\\\/#breadcrumb\",\"itemListElement\":[{\"@type\":\"ListItem\",\"position\":1,\"name\":\"In\u00edcio\",\"item\":\"https:\\\/\\\/bienaldearquitetura.org.br\\\/\"},{\"@type\":\"ListItem\",\"position\":2,\"name\":\"IABsp \\\/ BIAsp\"}]},{\"@type\":\"WebSite\",\"@id\":\"https:\\\/\\\/bienaldearquitetura.org.br\\\/#website\",\"url\":\"https:\\\/\\\/bienaldearquitetura.org.br\\\/\",\"name\":\"14\u1d43 Bienal Internacional de Arquitetura de S\u00e3o Paulo\",\"description\":\"Arquiteturas para um Mundo Quente\",\"potentialAction\":[{\"@type\":\"SearchAction\",\"target\":{\"@type\":\"EntryPoint\",\"urlTemplate\":\"https:\\\/\\\/bienaldearquitetura.org.br\\\/?s={search_term_string}\"},\"query-input\":{\"@type\":\"PropertyValueSpecification\",\"valueRequired\":true,\"valueName\":\"search_term_string\"}}],\"inLanguage\":\"en-US\"}]}<\/script>\n<!-- \/ Yoast SEO plugin. -->","yoast_head_json":{"title":"IABsp \/ BIAsp - 14th International Architecture Biennial of S\u00e3o Paulo","description":"IABsp is an institution of architects dedicated to the promotion of architectural culture since 1943, and is the organizer of BIAsp.","robots":{"index":"index","follow":"follow","max-snippet":"max-snippet:-1","max-image-preview":"max-image-preview:large","max-video-preview":"max-video-preview:-1"},"canonical":"https:\/\/bienaldearquitetura.org.br\/en\/iabsp-biasp\/","og_locale":"en_US","og_type":"article","og_title":"IABsp \/ BIAsp - 14\u1d43 Bienal Internacional de Arquitetura de S\u00e3o Paulo","og_description":"O IABsp \u00e9 uma institui\u00e7\u00e3o de arquitetos dedicada \u00e0 valoriza\u00e7\u00e3o da cultura arquitet\u00f4nica desde 1943, e \u00e9 o organizador da BIAsp.","og_url":"https:\/\/bienaldearquitetura.org.br\/en\/iabsp-biasp\/","og_site_name":"14\u1d43 Bienal Internacional de Arquitetura de S\u00e3o Paulo","article_modified_time":"2025-03-20T16:34:17+00:00","og_image":[{"width":1036,"height":1531,"url":"https:\/\/bienaldearquitetura.org.br\/wp-content\/uploads\/2025\/03\/77120-pb-bitmap.png","type":"image\/png"}],"twitter_card":"summary_large_image","twitter_misc":{"Est. reading time":"3 minutes"},"schema":{"@context":"https:\/\/schema.org","@graph":[{"@type":"WebPage","@id":"https:\/\/bienaldearquitetura.org.br\/iabsp-biasp\/","url":"https:\/\/bienaldearquitetura.org.br\/iabsp-biasp\/","name":"IABsp \/ BIAsp - 14th International Architecture Biennial of S\u00e3o Paulo","isPartOf":{"@id":"https:\/\/bienaldearquitetura.org.br\/#website"},"primaryImageOfPage":{"@id":"https:\/\/bienaldearquitetura.org.br\/iabsp-biasp\/#primaryimage"},"image":{"@id":"https:\/\/bienaldearquitetura.org.br\/iabsp-biasp\/#primaryimage"},"thumbnailUrl":"https:\/\/bienaldearquitetura.org.br\/wp-content\/uploads\/2025\/03\/77120-pb-bitmap.png","datePublished":"2025-03-06T00:54:59+00:00","dateModified":"2025-03-20T16:34:17+00:00","description":"IABsp is an institution of architects dedicated to the promotion of architectural culture since 1943, and is the organizer of BIAsp.","breadcrumb":{"@id":"https:\/\/bienaldearquitetura.org.br\/iabsp-biasp\/#breadcrumb"},"inLanguage":"en-US","potentialAction":[{"@type":"ReadAction","target":["https:\/\/bienaldearquitetura.org.br\/iabsp-biasp\/"]}]},{"@type":"ImageObject","inLanguage":"en-US","@id":"https:\/\/bienaldearquitetura.org.br\/iabsp-biasp\/#primaryimage","url":"https:\/\/bienaldearquitetura.org.br\/wp-content\/uploads\/2025\/03\/77120-pb-bitmap.png","contentUrl":"https:\/\/bienaldearquitetura.org.br\/wp-content\/uploads\/2025\/03\/77120-pb-bitmap.png"},{"@type":"BreadcrumbList","@id":"https:\/\/bienaldearquitetura.org.br\/iabsp-biasp\/#breadcrumb","itemListElement":[{"@type":"ListItem","position":1,"name":"In\u00edcio","item":"https:\/\/bienaldearquitetura.org.br\/"},{"@type":"ListItem","position":2,"name":"IABsp \/ BIAsp"}]},{"@type":"WebSite","@id":"https:\/\/bienaldearquitetura.org.br\/#website","url":"https:\/\/bienaldearquitetura.org.br\/","name":"14th S\u00e3o Paulo International Architecture Biennale","description":"Architectures for a Hot World","potentialAction":[{"@type":"SearchAction","target":{"@type":"EntryPoint","urlTemplate":"https:\/\/bienaldearquitetura.org.br\/?s={search_term_string}"},"query-input":{"@type":"PropertyValueSpecification","valueRequired":true,"valueName":"search_term_string"}}],"inLanguage":"en-US"}]}},"_links":{"self":[{"href":"https:\/\/bienaldearquitetura.org.br\/en\/wp-json\/wp\/v2\/pages\/213","targetHints":{"allow":["GET"]}}],"collection":[{"href":"https:\/\/bienaldearquitetura.org.br\/en\/wp-json\/wp\/v2\/pages"}],"about":[{"href":"https:\/\/bienaldearquitetura.org.br\/en\/wp-json\/wp\/v2\/types\/page"}],"author":[{"embeddable":true,"href":"https:\/\/bienaldearquitetura.org.br\/en\/wp-json\/wp\/v2\/users\/1"}],"replies":[{"embeddable":true,"href":"https:\/\/bienaldearquitetura.org.br\/en\/wp-json\/wp\/v2\/comments?post=213"}],"version-history":[{"count":117,"href":"https:\/\/bienaldearquitetura.org.br\/en\/wp-json\/wp\/v2\/pages\/213\/revisions"}],"predecessor-version":[{"id":1140,"href":"https:\/\/bienaldearquitetura.org.br\/en\/wp-json\/wp\/v2\/pages\/213\/revisions\/1140"}],"wp:attachment":[{"href":"https:\/\/bienaldearquitetura.org.br\/en\/wp-json\/wp\/v2\/media?parent=213"}],"curies":[{"name":"wp","href":"https:\/\/api.w.org\/{rel}","templated":true}]}}