{"id":426,"date":"2025-03-07T13:13:47","date_gmt":"2025-03-07T16:13:47","guid":{"rendered":"https:\/\/bienal.webinhood.com.br\/?page_id=426"},"modified":"2025-08-27T17:17:51","modified_gmt":"2025-08-27T20:17:51","slug":"chamadas","status":"publish","type":"page","link":"https:\/\/bienaldearquitetura.org.br\/en\/chamadas\/","title":{"rendered":"Calls"},"content":{"rendered":"\t\t<div data-elementor-type=\"wp-page\" data-elementor-id=\"426\" class=\"elementor elementor-426\" data-elementor-post-type=\"page\">\n\t\t\t\t<div class=\"elementor-element elementor-element-974a6f5 e-con-full e-flex e-con e-parent\" data-id=\"974a6f5\" data-element_type=\"container\" data-e-type=\"container\" data-settings=\"{&quot;background_background&quot;:&quot;classic&quot;}\">\n\t\t<div class=\"elementor-element elementor-element-4e2a355 e-con-full e-flex e-con e-child\" data-id=\"4e2a355\" data-element_type=\"container\" data-e-type=\"container\" data-settings=\"{&quot;background_background&quot;:&quot;classic&quot;,&quot;background_motion_fx_translateY_speed&quot;:{&quot;unit&quot;:&quot;px&quot;,&quot;size&quot;:20,&quot;sizes&quot;:[]},&quot;background_motion_fx_range&quot;:&quot;page&quot;,&quot;background_motion_fx_devices&quot;:[&quot;desktop&quot;,&quot;laptop&quot;,&quot;tablet&quot;],&quot;background_motion_fx_motion_fx_scrolling&quot;:&quot;yes&quot;,&quot;background_motion_fx_translateY_effect&quot;:&quot;yes&quot;,&quot;background_motion_fx_translateY_direction&quot;:&quot;negative&quot;,&quot;background_motion_fx_translateY_affectedRange&quot;:{&quot;unit&quot;:&quot;%&quot;,&quot;size&quot;:&quot;&quot;,&quot;sizes&quot;:{&quot;start&quot;:0,&quot;end&quot;:100}}}\">\n\t\t\t\t<\/div>\n\t\t<div class=\"elementor-element elementor-element-1d57178 e-con-full e-flex e-con e-child\" data-id=\"1d57178\" data-element_type=\"container\" data-e-type=\"container\" data-settings=\"{&quot;background_background&quot;:&quot;classic&quot;}\">\n\t\t<div class=\"elementor-element elementor-element-dbb9771 e-con-full e-flex e-con e-child\" data-id=\"dbb9771\" data-element_type=\"container\" data-e-type=\"container\">\n\t\t\t\t<\/div>\n\t\t<div class=\"elementor-element elementor-element-47c0f4d e-con-full e-flex e-con e-child\" data-id=\"47c0f4d\" data-element_type=\"container\" data-e-type=\"container\">\n\t\t\t\t<div class=\"elementor-element elementor-element-3fa7fcb elementor-hidden-mobile elementor-widget elementor-widget-heading\" data-id=\"3fa7fcb\" data-element_type=\"widget\" data-e-type=\"widget\" data-widget_type=\"heading.default\">\n\t\t\t\t<div class=\"elementor-widget-container\">\n\t\t\t\t\t<h3 class=\"elementor-heading-title elementor-size-default\">Chamadas \/ Selecionados<\/h3>\t\t\t\t<\/div>\n\t\t\t\t<\/div>\n\t\t\t\t<div class=\"elementor-element elementor-element-855c653 elementor-widget elementor-widget-text-editor\" data-id=\"855c653\" data-element_type=\"widget\" data-e-type=\"widget\" data-widget_type=\"text-editor.default\">\n\t\t\t\t<div class=\"elementor-widget-container\">\n\t\t\t\t\t\t\t\t\t<p>Nesta p\u00e1gina voc\u00ea encontra os trabalhos selecionados nas Chamadas abertas e no Concurso de Escolas para compor a 14\u00aa BIAsp. Ap\u00f3s a sele\u00e7\u00e3o, algumas propostas passaram por altera\u00e7\u00f5es, como mudan\u00e7a de t\u00edtulo ou incorpora\u00e7\u00e3o com outras atividades, para conferir os trabalhos que estar\u00e3o presentes na Bienal acesse a p\u00e1gina Programa\u00e7\u00e3o. Em breve toda a programa\u00e7\u00e3o estar\u00e1 dispon\u00edvel.<\/p><p><strong>Concurso Internacional de Escolas de Arquitetura e Urbanismo<\/strong><br \/>Trabalhos de estudantes de gradua\u00e7\u00e3o, com ader\u00eancia \u00e0 tem\u00e1tica da 14\u00aa BIAsp, representando cursos de Arquitetura e Urbanismo. Foram recebidas mais de 130 inscri\u00e7\u00f5es de todo o mundo e 30 trabalhos foram selecionados pela comiss\u00e3o julgadora.<\/p><p><a href=\"https:\/\/bienaldearquitetura.org.br\/participe\/concurso-internacional-de-escolas\/\"><span style=\"text-decoration: underline;\">Saiba mais<\/span><\/a><\/p><p><strong>Chamada Aberta Internacional para Exposi\u00e7\u00e3o e Atividades<\/strong><br \/>Trabalhos a serem expostos, apresentados ou desenvolvidos na forma de projetos ou planos (constru\u00eddos ou n\u00e3o), constru\u00e7\u00f5es e instala\u00e7\u00f5es experimentais, audiovisuais, filmes, fotografias, oficinas, laborat\u00f3rios, performances e outros meios. Foram recebidas mais de 450 inscri\u00e7\u00f5es de todo o mundo e 132 trabalhos foram selecionados pela equipe curatorial.<\/p><p><a href=\"https:\/\/bienaldearquitetura.org.br\/participe\/exposicao-e-atividades\/\"><span style=\"text-decoration: underline;\">Saiba mais<\/span><\/a><\/p><p><strong>Chamada Aberta Internacional para o F\u00f3rum de Debates + SP Meeting<\/strong><br \/>O F\u00f3rum de Debates \u2013 SP Meeting abrigar\u00e1 confer\u00eancias de palestrantes convidados pela curadoria do evento e Sess\u00f5es Tem\u00e1ticas, selecionadas a partir de chamada aberta internacional e compostas por coordenador proponente e at\u00e9 quatro apresentadores de trabalhos acad\u00eamicos. Foram selecionadas 18 Sess\u00f5es Tem\u00e1ticas entre as 73 propostas recebidas.<\/p><p><a href=\"https:\/\/bienaldearquitetura.org.br\/participe\/forum-de-debates-sp-meeting\/\"><span style=\"text-decoration: underline;\">Saiba mais<\/span><\/a><\/p>\t\t\t\t\t\t\t\t<\/div>\n\t\t\t\t<\/div>\n\t\t\t\t<\/div>\n\t\t\t\t<\/div>\n\t\t\t\t<\/div>\n\t\t\t\t<\/div>\n\t\t","protected":false},"excerpt":{"rendered":"<p>Chamadas \/ Selecionados Nesta p\u00e1gina voc\u00ea encontra os trabalhos selecionados nas Chamadas abertas e no Concurso de Escolas para compor a 14\u00aa BIAsp. Ap\u00f3s a sele\u00e7\u00e3o, algumas propostas passaram por altera\u00e7\u00f5es, como mudan\u00e7a de t\u00edtulo ou incorpora\u00e7\u00e3o com outras atividades, para conferir os trabalhos que estar\u00e3o presentes na Bienal acesse a p\u00e1gina Programa\u00e7\u00e3o. Em breve [&hellip;]<\/p>\n","protected":false},"author":1,"featured_media":0,"parent":0,"menu_order":0,"comment_status":"closed","ping_status":"closed","template":"","meta":{"_acf_changed":false,"footnotes":""},"class_list":["post-426","page","type-page","status-publish","hentry"],"acf":[],"yoast_head":"<!-- This site is optimized with the Yoast SEO plugin v27.3 - https:\/\/yoast.com\/product\/yoast-seo-wordpress\/ -->\n<title>Chamadas - 14\u1d43 Bienal Internacional de Arquitetura de S\u00e3o Paulo<\/title>\n<meta name=\"description\" content=\"S\u00e3o diversas as possibilidades de participa\u00e7\u00e3o na 14\u00aa BIAsp, com editais e formas de inscri\u00e7\u00e3o pr\u00f3prias. Veja mais detalhes sobre elas.\" \/>\n<meta name=\"robots\" content=\"index, follow, max-snippet:-1, max-image-preview:large, max-video-preview:-1\" \/>\n<link rel=\"canonical\" href=\"https:\/\/bienaldearquitetura.org.br\/en\/chamadas\/\" \/>\n<meta property=\"og:locale\" content=\"en_US\" \/>\n<meta property=\"og:type\" content=\"article\" \/>\n<meta property=\"og:title\" content=\"Chamadas - 14\u1d43 Bienal Internacional de Arquitetura de S\u00e3o Paulo\" \/>\n<meta property=\"og:description\" content=\"S\u00e3o diversas as possibilidades de participa\u00e7\u00e3o na 14\u00aa BIAsp, com editais e formas de inscri\u00e7\u00e3o pr\u00f3prias. Veja mais detalhes sobre elas.\" \/>\n<meta property=\"og:url\" content=\"https:\/\/bienaldearquitetura.org.br\/en\/chamadas\/\" \/>\n<meta property=\"og:site_name\" content=\"14\u1d43 Bienal Internacional de Arquitetura de S\u00e3o Paulo\" \/>\n<meta property=\"article:modified_time\" content=\"2025-08-27T20:17:51+00:00\" \/>\n<meta name=\"twitter:card\" content=\"summary_large_image\" \/>\n<meta name=\"twitter:label1\" content=\"Est. reading time\" \/>\n\t<meta name=\"twitter:data1\" content=\"2 minutes\" \/>\n<script type=\"application\/ld+json\" class=\"yoast-schema-graph\">{\"@context\":\"https:\\\/\\\/schema.org\",\"@graph\":[{\"@type\":\"WebPage\",\"@id\":\"https:\\\/\\\/bienaldearquitetura.org.br\\\/chamadas\\\/\",\"url\":\"https:\\\/\\\/bienaldearquitetura.org.br\\\/chamadas\\\/\",\"name\":\"Chamadas - 14\u1d43 Bienal Internacional de Arquitetura de S\u00e3o Paulo\",\"isPartOf\":{\"@id\":\"https:\\\/\\\/bienaldearquitetura.org.br\\\/#website\"},\"datePublished\":\"2025-03-07T16:13:47+00:00\",\"dateModified\":\"2025-08-27T20:17:51+00:00\",\"description\":\"S\u00e3o diversas as possibilidades de participa\u00e7\u00e3o na 14\u00aa BIAsp, com editais e formas de inscri\u00e7\u00e3o pr\u00f3prias. Veja mais detalhes sobre elas.\",\"breadcrumb\":{\"@id\":\"https:\\\/\\\/bienaldearquitetura.org.br\\\/chamadas\\\/#breadcrumb\"},\"inLanguage\":\"en-US\",\"potentialAction\":[{\"@type\":\"ReadAction\",\"target\":[\"https:\\\/\\\/bienaldearquitetura.org.br\\\/chamadas\\\/\"]}]},{\"@type\":\"BreadcrumbList\",\"@id\":\"https:\\\/\\\/bienaldearquitetura.org.br\\\/chamadas\\\/#breadcrumb\",\"itemListElement\":[{\"@type\":\"ListItem\",\"position\":1,\"name\":\"In\u00edcio\",\"item\":\"https:\\\/\\\/bienaldearquitetura.org.br\\\/\"},{\"@type\":\"ListItem\",\"position\":2,\"name\":\"Chamadas\"}]},{\"@type\":\"WebSite\",\"@id\":\"https:\\\/\\\/bienaldearquitetura.org.br\\\/#website\",\"url\":\"https:\\\/\\\/bienaldearquitetura.org.br\\\/\",\"name\":\"14\u1d43 Bienal Internacional de Arquitetura de S\u00e3o Paulo\",\"description\":\"Arquiteturas para um Mundo Quente\",\"potentialAction\":[{\"@type\":\"SearchAction\",\"target\":{\"@type\":\"EntryPoint\",\"urlTemplate\":\"https:\\\/\\\/bienaldearquitetura.org.br\\\/?s={search_term_string}\"},\"query-input\":{\"@type\":\"PropertyValueSpecification\",\"valueRequired\":true,\"valueName\":\"search_term_string\"}}],\"inLanguage\":\"en-US\"}]}<\/script>\n<!-- \/ Yoast SEO plugin. -->","yoast_head_json":{"title":"Call for Papers - 14th S\u00e3o Paulo International Architecture Biennial","description":"There are several ways to participate in the 14th BIAsp, with specific notices and registration methods. See more details.","robots":{"index":"index","follow":"follow","max-snippet":"max-snippet:-1","max-image-preview":"max-image-preview:large","max-video-preview":"max-video-preview:-1"},"canonical":"https:\/\/bienaldearquitetura.org.br\/en\/chamadas\/","og_locale":"en_US","og_type":"article","og_title":"Chamadas - 14\u1d43 Bienal Internacional de Arquitetura de S\u00e3o Paulo","og_description":"S\u00e3o diversas as possibilidades de participa\u00e7\u00e3o na 14\u00aa BIAsp, com editais e formas de inscri\u00e7\u00e3o pr\u00f3prias. Veja mais detalhes sobre elas.","og_url":"https:\/\/bienaldearquitetura.org.br\/en\/chamadas\/","og_site_name":"14\u1d43 Bienal Internacional de Arquitetura de S\u00e3o Paulo","article_modified_time":"2025-08-27T20:17:51+00:00","twitter_card":"summary_large_image","twitter_misc":{"Est. reading time":"2 minutes"},"schema":{"@context":"https:\/\/schema.org","@graph":[{"@type":"WebPage","@id":"https:\/\/bienaldearquitetura.org.br\/chamadas\/","url":"https:\/\/bienaldearquitetura.org.br\/chamadas\/","name":"Call for Papers - 14th S\u00e3o Paulo International Architecture Biennial","isPartOf":{"@id":"https:\/\/bienaldearquitetura.org.br\/#website"},"datePublished":"2025-03-07T16:13:47+00:00","dateModified":"2025-08-27T20:17:51+00:00","description":"There are several ways to participate in the 14th BIAsp, with specific notices and registration methods. See more details.","breadcrumb":{"@id":"https:\/\/bienaldearquitetura.org.br\/chamadas\/#breadcrumb"},"inLanguage":"en-US","potentialAction":[{"@type":"ReadAction","target":["https:\/\/bienaldearquitetura.org.br\/chamadas\/"]}]},{"@type":"BreadcrumbList","@id":"https:\/\/bienaldearquitetura.org.br\/chamadas\/#breadcrumb","itemListElement":[{"@type":"ListItem","position":1,"name":"In\u00edcio","item":"https:\/\/bienaldearquitetura.org.br\/"},{"@type":"ListItem","position":2,"name":"Chamadas"}]},{"@type":"WebSite","@id":"https:\/\/bienaldearquitetura.org.br\/#website","url":"https:\/\/bienaldearquitetura.org.br\/","name":"14th S\u00e3o Paulo International Architecture Biennale","description":"Architectures for a Hot World","potentialAction":[{"@type":"SearchAction","target":{"@type":"EntryPoint","urlTemplate":"https:\/\/bienaldearquitetura.org.br\/?s={search_term_string}"},"query-input":{"@type":"PropertyValueSpecification","valueRequired":true,"valueName":"search_term_string"}}],"inLanguage":"en-US"}]}},"_links":{"self":[{"href":"https:\/\/bienaldearquitetura.org.br\/en\/wp-json\/wp\/v2\/pages\/426","targetHints":{"allow":["GET"]}}],"collection":[{"href":"https:\/\/bienaldearquitetura.org.br\/en\/wp-json\/wp\/v2\/pages"}],"about":[{"href":"https:\/\/bienaldearquitetura.org.br\/en\/wp-json\/wp\/v2\/types\/page"}],"author":[{"embeddable":true,"href":"https:\/\/bienaldearquitetura.org.br\/en\/wp-json\/wp\/v2\/users\/1"}],"replies":[{"embeddable":true,"href":"https:\/\/bienaldearquitetura.org.br\/en\/wp-json\/wp\/v2\/comments?post=426"}],"version-history":[{"count":125,"href":"https:\/\/bienaldearquitetura.org.br\/en\/wp-json\/wp\/v2\/pages\/426\/revisions"}],"predecessor-version":[{"id":2689,"href":"https:\/\/bienaldearquitetura.org.br\/en\/wp-json\/wp\/v2\/pages\/426\/revisions\/2689"}],"wp:attachment":[{"href":"https:\/\/bienaldearquitetura.org.br\/en\/wp-json\/wp\/v2\/media?parent=426"}],"curies":[{"name":"wp","href":"https:\/\/api.w.org\/{rel}","templated":true}]}}